{"id":797,"date":"2015-03-02T16:37:42","date_gmt":"2015-03-02T15:37:42","guid":{"rendered":"http:\/\/actualite.potos-acoustiques.fr\/?page_id=797"},"modified":"2022-06-12T17:34:16","modified_gmt":"2022-06-12T16:34:16","slug":"contact-scene","status":"publish","type":"page","link":"https:\/\/actualite.potos-acoustiques.com\/?page_id=797","title":{"rendered":"Nous contacter:"},"content":{"rendered":"<p><img loading=\"lazy\" class=\"aligncenter wp-image-2132 size-thumbnail\" src=\"http:\/\/actualite.potos-acoustiques.com\/wp-content\/uploads\/2017\/03\/51532-150x150.png\" alt=\"51532\" width=\"150\" height=\"150\"><\/p>\n<p style=\"text-align: center;\"><strong><span style=\"color: #993300;\">Contact Sc\u00e8ne Mail:<\/span> &nbsp;&nbsp;<\/strong><a href=\"mailto:potosacoustiques@gmail.com\"><strong>potosacoustiques@gmail.com<\/strong><\/a><\/p>\n<p style=\"text-align: center;\">&nbsp;<strong><span style=\"color: #993300;\">Contact Sc\u00e8ne T\u00e9l:<\/span>&nbsp; &nbsp; <span style=\"color: #993300;\">&nbsp;<span style=\"color: #333399;\">Jacques 06 22 35 45 97<\/span><\/span><\/strong><\/p>\n<p style=\"text-align: center;\">\n<\/p><p style=\"text-align: center;\"><\/p>\n\n\n<p><\/p>\n","protected":false},"excerpt":{"rendered":"<p>Contact Sc\u00e8ne Mail: &nbsp;&nbsp;potosacoustiques@gmail.com &nbsp;Contact Sc\u00e8ne T\u00e9l:&nbsp; &nbsp; &nbsp;Jacques 06 22 35 45 97<\/p>\n","protected":false},"author":1,"featured_media":0,"parent":0,"menu_order":0,"comment_status":"closed","ping_status":"closed","template":"","meta":[],"_links":{"self":[{"href":"https:\/\/actualite.potos-acoustiques.com\/index.php?rest_route=\/wp\/v2\/pages\/797"}],"collection":[{"href":"https:\/\/actualite.potos-acoustiques.com\/index.php?rest_route=\/wp\/v2\/pages"}],"about":[{"href":"https:\/\/actualite.potos-acoustiques.com\/index.php?rest_route=\/wp\/v2\/types\/page"}],"author":[{"embeddable":true,"href":"https:\/\/actualite.potos-acoustiques.com\/index.php?rest_route=\/wp\/v2\/users\/1"}],"replies":[{"embeddable":true,"href":"https:\/\/actualite.potos-acoustiques.com\/index.php?rest_route=%2Fwp%2Fv2%2Fcomments&post=797"}],"version-history":[{"count":36,"href":"https:\/\/actualite.potos-acoustiques.com\/index.php?rest_route=\/wp\/v2\/pages\/797\/revisions"}],"predecessor-version":[{"id":4228,"href":"https:\/\/actualite.potos-acoustiques.com\/index.php?rest_route=\/wp\/v2\/pages\/797\/revisions\/4228"}],"wp:attachment":[{"href":"https:\/\/actualite.potos-acoustiques.com\/index.php?rest_route=%2Fwp%2Fv2%2Fmedia&parent=797"}],"curies":[{"name":"wp","href":"https:\/\/api.w.org\/{rel}","templated":true}]}}