{"id":1553,"date":"2015-10-25T11:10:47","date_gmt":"2015-10-25T10:10:47","guid":{"rendered":"http:\/\/actualite.potos-acoustiques.fr\/?page_id=1553"},"modified":"2024-12-02T09:05:34","modified_gmt":"2024-12-02T08:05:34","slug":"nos-bistrots-preferes","status":"publish","type":"page","link":"https:\/\/actualite.potos-acoustiques.com\/?page_id=1553","title":{"rendered":"Nos Bistrots Pr\u00e9f\u00e9r\u00e9s&#8230;"},"content":{"rendered":"<p><span style=\"color: #800000;\"><em>&#8220;Mon bistrot pr\u00e9f\u00e9r\u00e9 quelque part dans les cieux m\u2019accueille quelquefois au jardin du Bon Dieu, c&#8217;est un bistrot tranquille o\u00f9 il m\u2019arrive de boire <\/em><\/span><span style=\"color: #800000;\"><em>en compagnie de ceux qui peuplent ma m\u00e9moire&#8230;&#8221; <img loading=\"lazy\" class=\"alignleft wp-image-1591 size-thumbnail\" src=\"http:\/\/actualite.potos-acoustiques.com\/wp-content\/uploads\/2015\/10\/534140_542262395802036_1767881195_n-150x150.jpg\" alt=\"534140_542262395802036_1767881195_n\" width=\"150\" height=\"150\"><\/em><\/span><\/p>\n<p><\/p>\n<p style=\"text-align: center;\">\n<\/p><p style=\"text-align: center;\">\n<\/p><p style=\"text-align: center;\"><span style=\"color: #993300;\"><strong>Brasserie du Lac, Lapalud (84)<\/strong><\/span><\/p>\n<p style=\"text-align: center;\"><a href=\"http:\/\/www.brasseriedulac.fr\">www.brasseriedulac.fr<\/a><\/p>\n<p><a href=\"https:\/\/actualite.potos-acoustiques.com\/wp-content\/uploads\/2024\/04\/424610838_122107742750208461_464147857455022070_n.jpg\"><img loading=\"lazy\" class=\"size-thumbnail wp-image-4930 aligncenter\" src=\"https:\/\/actualite.potos-acoustiques.com\/wp-content\/uploads\/2024\/04\/424610838_122107742750208461_464147857455022070_n-150x150.jpg\" alt=\"\" width=\"150\" height=\"150\" srcset=\"https:\/\/actualite.potos-acoustiques.com\/wp-content\/uploads\/2024\/04\/424610838_122107742750208461_464147857455022070_n-150x150.jpg 150w, https:\/\/actualite.potos-acoustiques.com\/wp-content\/uploads\/2024\/04\/424610838_122107742750208461_464147857455022070_n-300x300.jpg 300w, https:\/\/actualite.potos-acoustiques.com\/wp-content\/uploads\/2024\/04\/424610838_122107742750208461_464147857455022070_n.jpg 591w\" sizes=\"(max-width: 150px) 100vw, 150px\" \/><\/a><strong><span style=\"color: #993300;\">&nbsp;<\/span><\/strong><\/p>\n<p style=\"text-align: center;\"><strong><span style=\"color: #993300;\">Bistrot Le 40,&nbsp;Valr\u00e9as&nbsp;(84)<\/span><\/strong><\/p>\n<p style=\"text-align: center;\"><a href=\"https:\/\/www.facebook.com\/restaurantle40\/\">https:\/\/www.facebook.com\/restaurantle40\/<\/a><\/p>\n<p><a href=\"http:\/\/actualite.potos-acoustiques.com\/wp-content\/uploads\/2019\/03\/31719061_177541379477856_4401734346118004736_n.jpg\"><img loading=\"lazy\" class=\"wp-image-3028 size-thumbnail aligncenter\" src=\"http:\/\/actualite.potos-acoustiques.com\/wp-content\/uploads\/2019\/03\/31719061_177541379477856_4401734346118004736_n-150x150.jpg\" alt=\"\" width=\"150\" height=\"150\"><\/a><\/p>\n<p style=\"text-align: center;\"><span style=\"color: #993300;\"><strong>&nbsp;Camping de l&#8217;H\u00e9rein, Visan (84)<\/strong><\/span><\/p>\n<p style=\"text-align: center;\"><a href=\"http:\/\/www.campingvisan.com\">www.campingvisan.com<\/a><\/p>\n\n\n<div class=\"wp-block-image\"><figure class=\"aligncenter size-large\"><a href=\"https:\/\/actualite.potos-acoustiques.com\/wp-content\/uploads\/2023\/04\/298689337_481546443977038_226169932632121801_n.jpg\"><img loading=\"lazy\" width=\"200\" height=\"126\" src=\"https:\/\/actualite.potos-acoustiques.com\/wp-content\/uploads\/2023\/04\/298689337_481546443977038_226169932632121801_n.jpg\" alt=\"\" class=\"wp-image-4682\"\/><\/a><\/figure><\/div>\n\n\n\n<p class=\"has-text-align-center\"><strong><span class=\"has-inline-color has-vivid-red-color\">Les Tara\u00efettes, Meyrargues (13)<\/span><\/strong><\/p>\n\n\n\n<p class=\"has-text-align-center\"><a href=\"http:\/\/lestaraiettesmeyrargues.wordpress.com\">lestaraiettesmeyrargues.wordpress.com<\/a><\/p>\n\n\n\n<div class=\"wp-block-image\"><figure class=\"aligncenter size-large is-resized\"><a href=\"https:\/\/actualite.potos-acoustiques.com\/wp-content\/uploads\/2021\/06\/101986594_102858908130287_6427318301042409472_n.jpg\"><img loading=\"lazy\" src=\"https:\/\/actualite.potos-acoustiques.com\/wp-content\/uploads\/2021\/06\/101986594_102858908130287_6427318301042409472_n-1024x1024.jpg\" alt=\"\" class=\"wp-image-3545\" width=\"171\" height=\"171\" srcset=\"https:\/\/actualite.potos-acoustiques.com\/wp-content\/uploads\/2021\/06\/101986594_102858908130287_6427318301042409472_n-1024x1024.jpg 1024w, https:\/\/actualite.potos-acoustiques.com\/wp-content\/uploads\/2021\/06\/101986594_102858908130287_6427318301042409472_n-300x300.jpg 300w, https:\/\/actualite.potos-acoustiques.com\/wp-content\/uploads\/2021\/06\/101986594_102858908130287_6427318301042409472_n-150x150.jpg 150w, https:\/\/actualite.potos-acoustiques.com\/wp-content\/uploads\/2021\/06\/101986594_102858908130287_6427318301042409472_n-768x768.jpg 768w, https:\/\/actualite.potos-acoustiques.com\/wp-content\/uploads\/2021\/06\/101986594_102858908130287_6427318301042409472_n.jpg 1181w\" sizes=\"(max-width: 171px) 100vw, 171px\" \/><\/a><\/figure><\/div>\n\n\n\n<p class=\"has-text-align-center\"><strong><span class=\"has-inline-color has-vivid-red-color\">L&#8217;Etang de Bi\u00e8re, Saint Chamas (13)<\/span><\/strong><\/p>\n\n\n\n<p class=\"has-text-align-center\"><a href=\"https:\/\/www.facebook.com\/letangdebiere\">https:\/\/www.facebook.com\/letangdebiere<\/a><\/p>\n\n\n\n<div class=\"wp-block-image\"><figure class=\"aligncenter size-large is-resized\"><a href=\"https:\/\/actualite.potos-acoustiques.com\/wp-content\/uploads\/2022\/06\/276108974_2907885292836300_3103329655043054668_n1.jpg\"><img loading=\"lazy\" src=\"https:\/\/actualite.potos-acoustiques.com\/wp-content\/uploads\/2022\/06\/276108974_2907885292836300_3103329655043054668_n1.jpg\" alt=\"\" class=\"wp-image-4199\" width=\"125\" height=\"125\" srcset=\"https:\/\/actualite.potos-acoustiques.com\/wp-content\/uploads\/2022\/06\/276108974_2907885292836300_3103329655043054668_n1.jpg 500w, https:\/\/actualite.potos-acoustiques.com\/wp-content\/uploads\/2022\/06\/276108974_2907885292836300_3103329655043054668_n1-300x300.jpg 300w, https:\/\/actualite.potos-acoustiques.com\/wp-content\/uploads\/2022\/06\/276108974_2907885292836300_3103329655043054668_n1-150x150.jpg 150w\" sizes=\"(max-width: 125px) 100vw, 125px\" \/><\/a><\/figure><\/div>\n\n\n\n<p class=\"has-text-align-center\"><strong><span class=\"has-inline-color has-vivid-red-color\">L&#8217;Art Brock Caf\u00e9, Velleron (84)<\/span><\/strong><\/p>\n\n\n\n<p class=\"has-text-align-center\"><a href=\"https:\/\/www.facebook.com\/profile.php?id=100076533489487\">Facebook<\/a><\/p>\n\n\n\n<div class=\"wp-block-image\"><figure class=\"aligncenter size-large is-resized\"><a href=\"https:\/\/actualite.potos-acoustiques.com\/wp-content\/uploads\/2024\/12\/344570000_914646073144752_3747808007009832151_n.jpg\"><img loading=\"lazy\" src=\"https:\/\/actualite.potos-acoustiques.com\/wp-content\/uploads\/2024\/12\/344570000_914646073144752_3747808007009832151_n.jpg\" alt=\"\" class=\"wp-image-5023\" width=\"240\" height=\"240\" srcset=\"https:\/\/actualite.potos-acoustiques.com\/wp-content\/uploads\/2024\/12\/344570000_914646073144752_3747808007009832151_n.jpg 960w, https:\/\/actualite.potos-acoustiques.com\/wp-content\/uploads\/2024\/12\/344570000_914646073144752_3747808007009832151_n-300x300.jpg 300w, https:\/\/actualite.potos-acoustiques.com\/wp-content\/uploads\/2024\/12\/344570000_914646073144752_3747808007009832151_n-150x150.jpg 150w, https:\/\/actualite.potos-acoustiques.com\/wp-content\/uploads\/2024\/12\/344570000_914646073144752_3747808007009832151_n-768x766.jpg 768w\" sizes=\"(max-width: 240px) 100vw, 240px\" \/><\/a><\/figure><\/div>\n\n\n\n<p class=\"has-text-align-center\"><span class=\"has-inline-color has-vivid-red-color\"><strong>Le Caf\u00e9 de la Fontaine, Lagnes (84)<\/strong><\/span><\/p>\n\n\n\n<div class=\"wp-block-image\"><figure class=\"aligncenter size-large is-resized\"><a href=\"https:\/\/actualite.potos-acoustiques.com\/wp-content\/uploads\/2024\/12\/448112266_1084225306627626_384207169508193048_n.jpg\"><img loading=\"lazy\" src=\"https:\/\/actualite.potos-acoustiques.com\/wp-content\/uploads\/2024\/12\/448112266_1084225306627626_384207169508193048_n-1024x772.jpg\" alt=\"\" class=\"wp-image-5026\" width=\"256\" height=\"193\" srcset=\"https:\/\/actualite.potos-acoustiques.com\/wp-content\/uploads\/2024\/12\/448112266_1084225306627626_384207169508193048_n-1024x772.jpg 1024w, https:\/\/actualite.potos-acoustiques.com\/wp-content\/uploads\/2024\/12\/448112266_1084225306627626_384207169508193048_n-300x226.jpg 300w, https:\/\/actualite.potos-acoustiques.com\/wp-content\/uploads\/2024\/12\/448112266_1084225306627626_384207169508193048_n-768x579.jpg 768w, https:\/\/actualite.potos-acoustiques.com\/wp-content\/uploads\/2024\/12\/448112266_1084225306627626_384207169508193048_n.jpg 1220w\" sizes=\"(max-width: 256px) 100vw, 256px\" \/><\/a><\/figure><\/div>\n\n\n\n<p class=\"has-text-align-center\"><a href=\"https:\/\/www.facebook.com\/profile.php?id=100051205007972\">Facebook<\/a><\/p>\n","protected":false},"excerpt":{"rendered":"<p>&#8220;Mon bistrot pr\u00e9f\u00e9r\u00e9 quelque part dans les cieux m\u2019accueille quelquefois au jardin du Bon Dieu, c&#8217;est un bistrot tranquille o\u00f9 il m\u2019arrive de boire en compagnie de ceux qui peuplent ma m\u00e9moire&#8230;&#8221; Brasserie du Lac, Lapalud (84) www.brasseriedulac.fr &nbsp; Bistrot Le 40,&nbsp;Valr\u00e9as&nbsp;(84) https:\/\/www.facebook.com\/restaurantle40\/ &nbsp;Camping de l&#8217;H\u00e9rein, Visan (84) www.campingvisan.com Les Tara\u00efettes, Meyrargues (13) lestaraiettesmeyrargues.wordpress.com L&#8217;Etang de Bi\u00e8re, Saint Chamas (13) https:\/\/www.facebook.com\/letangdebiere L&#8217;Art Brock Caf\u00e9, Velleron (84) Facebook Le Caf\u00e9 de la Fontaine, Lagnes (84) Facebook<\/p>\n","protected":false},"author":1,"featured_media":0,"parent":0,"menu_order":0,"comment_status":"closed","ping_status":"open","template":"","meta":[],"_links":{"self":[{"href":"https:\/\/actualite.potos-acoustiques.com\/index.php?rest_route=\/wp\/v2\/pages\/1553"}],"collection":[{"href":"https:\/\/actualite.potos-acoustiques.com\/index.php?rest_route=\/wp\/v2\/pages"}],"about":[{"href":"https:\/\/actualite.potos-acoustiques.com\/index.php?rest_route=\/wp\/v2\/types\/page"}],"author":[{"embeddable":true,"href":"https:\/\/actualite.potos-acoustiques.com\/index.php?rest_route=\/wp\/v2\/users\/1"}],"replies":[{"embeddable":true,"href":"https:\/\/actualite.potos-acoustiques.com\/index.php?rest_route=%2Fwp%2Fv2%2Fcomments&post=1553"}],"version-history":[{"count":116,"href":"https:\/\/actualite.potos-acoustiques.com\/index.php?rest_route=\/wp\/v2\/pages\/1553\/revisions"}],"predecessor-version":[{"id":5027,"href":"https:\/\/actualite.potos-acoustiques.com\/index.php?rest_route=\/wp\/v2\/pages\/1553\/revisions\/5027"}],"wp:attachment":[{"href":"https:\/\/actualite.potos-acoustiques.com\/index.php?rest_route=%2Fwp%2Fv2%2Fmedia&parent=1553"}],"curies":[{"name":"wp","href":"https:\/\/api.w.org\/{rel}","templated":true}]}}