{"id":1254,"date":"2015-10-21T16:39:21","date_gmt":"2015-10-21T15:39:21","guid":{"rendered":"http:\/\/actualite.potos-acoustiques.fr\/?page_id=1254"},"modified":"2025-02-07T16:39:51","modified_gmt":"2025-02-07T15:39:51","slug":"la-sono","status":"publish","type":"page","link":"https:\/\/actualite.potos-acoustiques.com\/?page_id=1254","title":{"rendered":"La Sono"},"content":{"rendered":"<p><a href=\"http:\/\/actualite.potos-acoustiques.com\/wp-content\/uploads\/2015\/10\/l1m1sb2.png\"><img loading=\"lazy\" class=\"alignleft wp-image-1260 size-medium\" src=\"http:\/\/actualite.potos-acoustiques.com\/wp-content\/uploads\/2015\/10\/l1m1sb2-186x300.png\" alt=\"l1m1sb2\" width=\"186\" height=\"300\"><\/a><span style=\"color: #993300;\">Syst\u00e8me BOSE sous forme de grande colonne + caisson de basse&nbsp;faisant \u00e0 la fois office de fa\u00e7ade pour le public et de retour pour les musiciens. <\/span><\/p>\n<p><span style=\"color: #993300;\">Le concept est de permettre aux musiciens d\u2019obtenir un moyen de diffusion assez puissant, facile \u00e0 r\u00e9gler et ais\u00e9ment transportable.&nbsp; Plac\u00e9 derri\u00e8re les musiciens, contrairement aux syst\u00e8mes de diffusion fa\u00e7ade habituels situ\u00e9s devant eux,&nbsp;il permet&nbsp;de s\u2019affranchir ainsi de retours de sc\u00e8ne. <\/span><\/p>\n<p><span style=\"color: #993300;\">L\u2019angle de diffusion est aussi tr\u00e8s large, jusqu\u2019\u00e0 180 degr\u00e9s,&nbsp; et permet de couvrir un maximum de personnes pr\u00e9sentes dans l\u2019assembl\u00e9e sans avoir \u00e0 trop se prendre la t\u00eate quant \u00e0 la disposition du syst\u00e8me de diffusion&#8230;.<\/span><\/p>\n<p><span style=\"color: #003300;\"><a style=\"color: #003300;\" href=\"http:\/\/actualite.potos-acoustiques.com\/wp-content\/uploads\/2015\/10\/Systemes_compacts_BOSE_L1_Compact_Pack_XXL_2.jpg\"><br>\n<\/a><a href=\"http:\/\/actualite.potos-acoustiques.com\/wp-content\/uploads\/2015\/10\/Systemes_compacts_BOSE_L1_Compact_Pack_XXL_2.jpg\"><img loading=\"lazy\" class=\"alignright wp-image-1258 size-thumbnail\" src=\"http:\/\/actualite.potos-acoustiques.com\/wp-content\/uploads\/2015\/10\/Systemes_compacts_BOSE_L1_Compact_Pack_XXL_2-150x150.jpg\" alt=\"\" width=\"150\" height=\"150\"><\/a><\/span><\/p>\n\n\n<figure class=\"wp-block-image size-large is-resized\"><a href=\"https:\/\/actualite.potos-acoustiques.com\/wp-content\/uploads\/2025\/02\/Eric-octobre-rose-2021.jpg\"><img loading=\"lazy\" src=\"https:\/\/actualite.potos-acoustiques.com\/wp-content\/uploads\/2025\/02\/Eric-octobre-rose-2021.jpg\" alt=\"\" class=\"wp-image-5075\" width=\"176\" height=\"297\" srcset=\"https:\/\/actualite.potos-acoustiques.com\/wp-content\/uploads\/2025\/02\/Eric-octobre-rose-2021.jpg 351w, https:\/\/actualite.potos-acoustiques.com\/wp-content\/uploads\/2025\/02\/Eric-octobre-rose-2021-177x300.jpg 177w\" sizes=\"(max-width: 176px) 100vw, 176px\" \/><\/a><figcaption><span class=\"has-inline-color has-vivid-red-color\"><strong>Sonorisation: Eric GIRAUD<\/strong><\/span><\/figcaption><\/figure>\n","protected":false},"excerpt":{"rendered":"<p>Syst\u00e8me BOSE sous forme de grande colonne + caisson de basse&nbsp;faisant \u00e0 la fois office de fa\u00e7ade pour le public et de retour pour les musiciens. Le concept est de permettre aux musiciens d\u2019obtenir un moyen de diffusion assez puissant, facile \u00e0 r\u00e9gler et ais\u00e9ment transportable.&nbsp; Plac\u00e9 derri\u00e8re les musiciens, contrairement aux syst\u00e8mes de diffusion fa\u00e7ade habituels situ\u00e9s devant eux,&nbsp;il permet&nbsp;de s\u2019affranchir ainsi de retours de sc\u00e8ne. L\u2019angle de diffusion est aussi tr\u00e8s large, jusqu\u2019\u00e0 180 degr\u00e9s,&nbsp; et permet de couvrir un maximum de personnes pr\u00e9sentes dans l\u2019assembl\u00e9e sans avoir \u00e0 trop se prendre la t\u00eate quant \u00e0 la disposition du syst\u00e8me de diffusion&#8230;.<\/p>\n","protected":false},"author":1,"featured_media":0,"parent":0,"menu_order":0,"comment_status":"closed","ping_status":"open","template":"","meta":[],"_links":{"self":[{"href":"https:\/\/actualite.potos-acoustiques.com\/index.php?rest_route=\/wp\/v2\/pages\/1254"}],"collection":[{"href":"https:\/\/actualite.potos-acoustiques.com\/index.php?rest_route=\/wp\/v2\/pages"}],"about":[{"href":"https:\/\/actualite.potos-acoustiques.com\/index.php?rest_route=\/wp\/v2\/types\/page"}],"author":[{"embeddable":true,"href":"https:\/\/actualite.potos-acoustiques.com\/index.php?rest_route=\/wp\/v2\/users\/1"}],"replies":[{"embeddable":true,"href":"https:\/\/actualite.potos-acoustiques.com\/index.php?rest_route=%2Fwp%2Fv2%2Fcomments&post=1254"}],"version-history":[{"count":11,"href":"https:\/\/actualite.potos-acoustiques.com\/index.php?rest_route=\/wp\/v2\/pages\/1254\/revisions"}],"predecessor-version":[{"id":5078,"href":"https:\/\/actualite.potos-acoustiques.com\/index.php?rest_route=\/wp\/v2\/pages\/1254\/revisions\/5078"}],"wp:attachment":[{"href":"https:\/\/actualite.potos-acoustiques.com\/index.php?rest_route=%2Fwp%2Fv2%2Fmedia&parent=1254"}],"curies":[{"name":"wp","href":"https:\/\/api.w.org\/{rel}","templated":true}]}}