{"id":1209,"date":"2015-10-21T13:30:42","date_gmt":"2015-10-21T12:30:42","guid":{"rendered":"http:\/\/actualite.potos-acoustiques.fr\/?page_id=1209"},"modified":"2025-02-07T16:48:06","modified_gmt":"2025-02-07T15:48:06","slug":"bio-instrus","status":"publish","type":"page","link":"https:\/\/actualite.potos-acoustiques.com\/?page_id=1209","title":{"rendered":"Les Potos Acoustiques:  Steph, Jacques &#038; Chris"},"content":{"rendered":"<p><strong><span style=\"text-decoration: underline;\"><a href=\"http:\/\/actualite.potos-acoustiques.com\/wp-content\/uploads\/2015\/10\/pub-carte-postale.jpg\"><img loading=\"lazy\" class=\"alignleft wp-image-1213 size-medium\" src=\"http:\/\/actualite.potos-acoustiques.com\/wp-content\/uploads\/2015\/10\/pub-carte-postale-300x217.jpg\" alt=\"SONY DSC\" width=\"300\" height=\"217\" srcset=\"https:\/\/actualite.potos-acoustiques.com\/wp-content\/uploads\/2015\/10\/pub-carte-postale-300x217.jpg 300w, https:\/\/actualite.potos-acoustiques.com\/wp-content\/uploads\/2015\/10\/pub-carte-postale.jpg 705w\" sizes=\"(max-width: 300px) 100vw, 300px\" \/><\/a><\/span><\/strong> <a href=\"http:\/\/www.mondragon-plus.com\/Potos_Acoustiques19_01.htm\"><span style=\"color: #993300;\">http:\/\/www.mondragon-plus.com\/Potos_Acoustiques19_01.htm<\/span><\/a><\/p>\n<p><span style=\"color: #993300;\">Les Potos Acoustiques reprennent \u00e0 leur fa\u00e7on des titres de RENAUD, Lavilliers, T\u00e9l\u00e9phone, Noir D\u00e9sir\u2026 et d\u2019autres chanteurs \u00e9nerv\u00e9s! Chant et guitare pour St\u00e9phane, mandolines,&nbsp;bouzouki et chant pour Jacques, une formation et un son original, r\u00e9unis par l\u2019amiti\u00e9 et l\u2019envie de partager avec des potos\u2026 et des anonymes.<\/span> <span style=\"color: #993300;\">Le son des Potos Acoustiques, c\u2019est la rythmique de la guitare&nbsp;\u00e9lectro-acoustique (du luthier Renaud Galabert)&nbsp;de St\u00e9phane et les instruments originaux de Jacques&nbsp;(du luthier&nbsp;Philippe Berne)&nbsp;: mandoles, sazouk (bouzouki irlandais) et autres trucs improbables avec plein de cordes dedans\u2026Ce sont&nbsp;aussi les voix et un travail pour les harmoniser tout en laissant l\u2019espace n\u00e9cessaire aux textes. Et bien s\u00fbr, les potos ne se limitent pas au duo, \u00e0 leurs invit\u00e9s sur sc\u00e8ne, mais aussi au public\u2026 Nous sommes tous des potos acoustiques.<\/span><\/p>\n<p><strong><span style=\"color: #993300;\">Jacques BRUNIE: <\/span><span style=\"text-decoration: underline;\"><span style=\"color: #993300; text-decoration: underline;\"><a href=\"http:\/\/actualite.potos-acoustiques.com\/wp-content\/uploads\/2015\/10\/doc20090825171734_001.jpg\"><img loading=\"lazy\" class=\"alignleft wp-image-1430 size-medium\" src=\"http:\/\/actualite.potos-acoustiques.com\/wp-content\/uploads\/2015\/10\/doc20090825171734_001-233x300.jpg\" alt=\"doc20090825171734_001\" width=\"233\" height=\"300\" srcset=\"https:\/\/actualite.potos-acoustiques.com\/wp-content\/uploads\/2015\/10\/doc20090825171734_001-233x300.jpg 233w, https:\/\/actualite.potos-acoustiques.com\/wp-content\/uploads\/2015\/10\/doc20090825171734_001.jpg 433w\" sizes=\"(max-width: 233px) 100vw, 233px\" \/><\/a><a href=\"http:\/\/actualite.potos-acoustiques.com\/wp-content\/uploads\/2015\/10\/Potos_Acoustiques12_08.jpg\"><img loading=\"lazy\" class=\"alignleft wp-image-1408 size-medium\" src=\"http:\/\/actualite.potos-acoustiques.com\/wp-content\/uploads\/2015\/10\/Potos_Acoustiques12_08-199x300.jpg\" alt=\"SONY DSC\" width=\"199\" height=\"300\" srcset=\"https:\/\/actualite.potos-acoustiques.com\/wp-content\/uploads\/2015\/10\/Potos_Acoustiques12_08-199x300.jpg 199w, https:\/\/actualite.potos-acoustiques.com\/wp-content\/uploads\/2015\/10\/Potos_Acoustiques12_08.jpg 510w\" sizes=\"(max-width: 199px) 100vw, 199px\" \/><\/a><\/span><\/span><\/strong> <span style=\"color: #993300;\">De 1975 \u00e0 1979, Jacques passe par le folklore (<em>Flour de Rose<\/em>), le \u00ab&nbsp;rock-ado&nbsp;\u00bb (<em>Drops of water)<\/em>, pour arriver au folk occitan au violon et \u00e0 la mandole avec Bel\u00e8u (Richard Serre Michel Chatel&nbsp; et Michel Signoret).<\/span> <span style=\"color: #993300;\">En 1979, il retrouve Michel Chatel dans <em>Erba d\u2019Esclaire<\/em> toujours avec Serge Dalle Luche. Le groupe \u00e9cume le Nord-Vaucluse et la Dr\u00f4me, notamment avec un programme de no\u00ebls de ND des Doms, qui a fait l\u2019objet d\u2019un film tourn\u00e9 par Jean Flechet.<a href=\"http:\/\/actualite.potos-acoustiques.com\/wp-content\/uploads\/2015\/10\/Erba-dEsclaire-1980-Jacques-Brunie-Serge-Dalleluche-Michel-Chatel.jpg\"><img loading=\"lazy\" class=\"alignleft wp-image-1414 size-medium\" src=\"http:\/\/actualite.potos-acoustiques.com\/wp-content\/uploads\/2015\/10\/Erba-dEsclaire-1980-Jacques-Brunie-Serge-Dalleluche-Michel-Chatel-300x215.jpg\" alt=\"Erba d'Esclaire 1980 Jacques Brunie Serge Dalleluche Michel Chatel\" width=\"300\" height=\"215\" srcset=\"https:\/\/actualite.potos-acoustiques.com\/wp-content\/uploads\/2015\/10\/Erba-dEsclaire-1980-Jacques-Brunie-Serge-Dalleluche-Michel-Chatel-300x215.jpg 300w, https:\/\/actualite.potos-acoustiques.com\/wp-content\/uploads\/2015\/10\/Erba-dEsclaire-1980-Jacques-Brunie-Serge-Dalleluche-Michel-Chatel.jpg 720w\" sizes=\"(max-width: 300px) 100vw, 300px\" \/><\/a><\/span> <span style=\"color: #993300;\">Entre 1981 et 1984, c\u2019est l\u2019aventure professionnelle avec Richard Serre et le duo <em>Bel\u00e8u<\/em> qui deviendra trio avec l\u2019arriv\u00e9e d\u2019Eric Mokritzky.<a href=\"http:\/\/actualite.potos-acoustiques.com\/wp-content\/uploads\/2015\/10\/Beleu-Copie1.jpg\"><img loading=\"lazy\" class=\"alignleft wp-image-1420 size-medium\" src=\"http:\/\/actualite.potos-acoustiques.com\/wp-content\/uploads\/2015\/10\/Beleu-Copie1-300x189.jpg\" alt=\"Beleu - Copie\" width=\"300\" height=\"189\" srcset=\"https:\/\/actualite.potos-acoustiques.com\/wp-content\/uploads\/2015\/10\/Beleu-Copie1-300x189.jpg 300w, https:\/\/actualite.potos-acoustiques.com\/wp-content\/uploads\/2015\/10\/Beleu-Copie1.jpg 447w\" sizes=\"(max-width: 300px) 100vw, 300px\" \/><\/a><\/span> <span style=\"color: #993300;\">Trois ann\u00e9es de Conservatoire (Montpellier puis Aix) auront raison de la passion de Jacques pour le violon&nbsp;! Avec les \u00e9tudes (Maitrise de musicologie), puis la vie professionnelle et familiale, les instruments attendent que revienne la passion, sagement rang\u00e9s dans leurs \u00e9tuis. <\/span> <span style=\"color: #993300;\">Mais s\u2019il ne joue plus, Jacques produit les autres (250 artistes professionnels en 20 ans) avec l\u2019association <em>Ballades<\/em> qu\u2019il dirige depuis 1992 et qui est aujourd\u2019hui une r\u00e9f\u00e9rence dans le milieu des musiques du monde.<\/span> <span style=\"color: #993300;\">Ce n\u2019est qu\u2019en 2010 que les instruments sortiront enfin de leur \u00e9tui. Apr\u00e8s une p\u00e9riode de r\u00e9apprentissage, Jacques met ses instruments au service des <em>Chanteurs d\u2019appartement<\/em> avec Catherine Catella et de Yassas, groupe de musique des Balkans, puis retrouve son poto St\u00e9phane\u2026<\/span><\/p>\n<p><span style=\"color: #993300;\"><strong><span style=\"text-decoration: underline;\"><a href=\"http:\/\/actualite.potos-acoustiques.com\/wp-content\/uploads\/2015\/10\/IMG-Copie.jpg\"><img loading=\"lazy\" class=\"alignleft wp-image-1434 size-medium\" src=\"http:\/\/actualite.potos-acoustiques.com\/wp-content\/uploads\/2015\/10\/IMG-Copie-175x300.jpg\" alt=\"IMG - Copie\" width=\"175\" height=\"300\" srcset=\"https:\/\/actualite.potos-acoustiques.com\/wp-content\/uploads\/2015\/10\/IMG-Copie-175x300.jpg 175w, https:\/\/actualite.potos-acoustiques.com\/wp-content\/uploads\/2015\/10\/IMG-Copie-600x1024.jpg 600w, https:\/\/actualite.potos-acoustiques.com\/wp-content\/uploads\/2015\/10\/IMG-Copie.jpg 736w\" sizes=\"(max-width: 175px) 100vw, 175px\" \/><\/a><\/span>St\u00e9phane ANDRE: <\/strong><\/span> <span style=\"color: #993300;\">Apr\u00e8s des \u00e9tudes universitaires d\u2019anglais, St\u00e9phane est devenu Enseignant aupr\u00e8s d\u2019adolescents en difficult\u00e9,&nbsp;profession qu\u2019il&nbsp;a exerc\u00e9 durant&nbsp;36&nbsp;ans et qui l\u2019a conduit d\u2019Aix en Provence \u00e0 Boll\u00e8ne en passant par Marseille, Marignane, Nice, Arles, Orange et Avignon.<\/span> <span style=\"color: #993300;\">Ayant longtemps d\u00e9laiss\u00e9 la musique pour avoir c\u00f4toy\u00e9 le milieu du sport (joueur puis entra\u00eeneur de basket ball), il a finalement rejoint au d\u00e9but des ann\u00e9es 2000 en tant que guitariste rythmique et choriste le groupe \u00ab&nbsp;les Potes du Rh\u00f4ne&nbsp;\u00bb devenu ensuite \u00ab&nbsp;S\u00e9same&nbsp;\u00bb.<a href=\"http:\/\/actualite.potos-acoustiques.com\/wp-content\/uploads\/2015\/10\/2.jpg\"><img loading=\"lazy\" class=\"alignleft wp-image-1422 size-medium\" src=\"http:\/\/actualite.potos-acoustiques.com\/wp-content\/uploads\/2015\/10\/2-300x225.jpg\" alt=\"2\" width=\"300\" height=\"225\" srcset=\"https:\/\/actualite.potos-acoustiques.com\/wp-content\/uploads\/2015\/10\/2-300x225.jpg 300w, https:\/\/actualite.potos-acoustiques.com\/wp-content\/uploads\/2015\/10\/2.jpg 640w\" sizes=\"(max-width: 300px) 100vw, 300px\" \/><\/a><\/span> <span style=\"color: #993300;\">En 2004, il est \u00e0 l\u2019origine de la cr\u00e9ation du groupe pop &amp; rock \u00ab&nbsp;les Bras KC&nbsp;\u00bb avec lequel il jouera pendant 9 ans, notamment avec son fils Christopher \u00e0 la guitare basse.&nbsp; <a href=\"http:\/\/actualite.potos-acoustiques.com\/wp-content\/uploads\/2015\/10\/310358_10151231769116522_721422753_n.jpg\"><img loading=\"lazy\" class=\"alignright wp-image-1423 size-medium\" src=\"http:\/\/actualite.potos-acoustiques.com\/wp-content\/uploads\/2015\/10\/310358_10151231769116522_721422753_n-300x174.jpg\" alt=\"310358_10151231769116522_721422753_n\" width=\"300\" height=\"174\" srcset=\"https:\/\/actualite.potos-acoustiques.com\/wp-content\/uploads\/2015\/10\/310358_10151231769116522_721422753_n-300x174.jpg 300w, https:\/\/actualite.potos-acoustiques.com\/wp-content\/uploads\/2015\/10\/310358_10151231769116522_721422753_n.jpg 960w\" sizes=\"(max-width: 300px) 100vw, 300px\" \/><\/a><\/span> &nbsp; &nbsp; &nbsp; &nbsp; <span style=\"color: #993300;\">A l\u2019issue de quelques apparitions avec le groupe rock \u00ab&nbsp;Plan B&nbsp;\u00bb, il a retrouv\u00e9 Jacques, son \u00ab&nbsp;Poto&nbsp;\u00bb de toujours, pour se lancer dans l\u2019aventure du duo d<\/span><span style=\"color: #993300;\">es Potos Acoustiques \u00e0 la fin de l\u2019ann\u00e9e 2011\u2026<a href=\"http:\/\/actualite.potos-acoustiques.com\/wp-content\/uploads\/2015\/10\/plan-b-2.jpg\"><img loading=\"lazy\" class=\"alignleft wp-image-1427 size-medium\" src=\"http:\/\/actualite.potos-acoustiques.com\/wp-content\/uploads\/2015\/10\/plan-b-2-300x225.jpg\" alt=\"plan b 2\" width=\"300\" height=\"225\" srcset=\"https:\/\/actualite.potos-acoustiques.com\/wp-content\/uploads\/2015\/10\/plan-b-2-300x225.jpg 300w, https:\/\/actualite.potos-acoustiques.com\/wp-content\/uploads\/2015\/10\/plan-b-2.jpg 960w\" sizes=\"(max-width: 300px) 100vw, 300px\" \/><\/a><\/span> <span style=\"color: #993300;\">&nbsp;<\/span><\/p>\n\n\n<p><\/p>\n\n\n\n<p><\/p>\n\n\n\n<p><\/p>\n\n\n\n<p><\/p>\n\n\n\n<p><\/p>\n\n\n\n<p><\/p>\n\n\n\n<p><\/p>\n\n\n\n<p><strong><span class=\"has-inline-color has-vivid-red-color\">Christopher ANDRE: <\/span><\/strong><span class=\"has-inline-color has-vivid-red-color\">Guitare basse \/ Contrebasse \u00e9lectrique<\/span><\/p>\n\n\n\n<div class=\"wp-block-group\"><div class=\"wp-block-group__inner-container\"><\/div><\/div>\n\n\n\n<figure class=\"wp-block-image size-large is-resized\"><a href=\"https:\/\/actualite.potos-acoustiques.com\/wp-content\/uploads\/2025\/02\/a2cc28e3-bcbd-414f-bdc7-f643f9c46c30-1.jpg\"><img loading=\"lazy\" src=\"https:\/\/actualite.potos-acoustiques.com\/wp-content\/uploads\/2025\/02\/a2cc28e3-bcbd-414f-bdc7-f643f9c46c30-1.jpg\" alt=\"\" class=\"wp-image-5073\" width=\"207\" height=\"353\" srcset=\"https:\/\/actualite.potos-acoustiques.com\/wp-content\/uploads\/2025\/02\/a2cc28e3-bcbd-414f-bdc7-f643f9c46c30-1.jpg 276w, https:\/\/actualite.potos-acoustiques.com\/wp-content\/uploads\/2025\/02\/a2cc28e3-bcbd-414f-bdc7-f643f9c46c30-1-176x300.jpg 176w\" sizes=\"(max-width: 207px) 100vw, 207px\" \/><\/a><\/figure>\n","protected":false},"excerpt":{"rendered":"<p>http:\/\/www.mondragon-plus.com\/Potos_Acoustiques19_01.htm Les Potos Acoustiques reprennent \u00e0 leur fa\u00e7on des titres de RENAUD, Lavilliers, T\u00e9l\u00e9phone, Noir D\u00e9sir\u2026 et d\u2019autres chanteurs \u00e9nerv\u00e9s! Chant et guitare pour St\u00e9phane, mandolines,&nbsp;bouzouki et chant pour Jacques, une formation et un son original, r\u00e9unis par l\u2019amiti\u00e9 et l\u2019envie de partager avec des potos\u2026 et des anonymes. Le son des Potos Acoustiques, c\u2019est la rythmique de la guitare&nbsp;\u00e9lectro-acoustique (du luthier Renaud Galabert)&nbsp;de St\u00e9phane et les instruments originaux de Jacques&nbsp;(du luthier&nbsp;Philippe Berne)&nbsp;: mandoles, sazouk (bouzouki irlandais) et autres trucs improbables avec plein de cordes dedans\u2026Ce sont&nbsp;aussi les voix et un travail pour les harmoniser tout en laissant l\u2019espace n\u00e9cessaire aux textes. Et bien s\u00fbr, les potos ne se limitent pas au duo, \u00e0 leurs invit\u00e9s sur sc\u00e8ne, mais aussi au public\u2026 Nous sommes tous des potos acoustiques. Jacques BRUNIE: De 1975 \u00e0 1979, Jacques passe par le folklore (Flour de Rose), le \u00ab&nbsp;rock-ado&nbsp;\u00bb (Drops of water), pour arriver au folk occitan au violon et \u00e0 la mandole avec Bel\u00e8u (Richard Serre Michel Chatel&nbsp; et Michel Signoret). En 1979, il retrouve Michel Chatel dans Erba d\u2019Esclaire toujours avec Serge Dalle Luche. Le groupe \u00e9cume le Nord-Vaucluse et la Dr\u00f4me, notamment avec un programme de no\u00ebls de ND des Doms, qui a fait l\u2019objet d\u2019un film tourn\u00e9 par Jean Flechet. Entre 1981 et 1984, c\u2019est l\u2019aventure professionnelle avec Richard Serre et le duo Bel\u00e8u qui deviendra trio avec l\u2019arriv\u00e9e d\u2019Eric Mokritzky. Trois ann\u00e9es de Conservatoire (Montpellier puis Aix) auront raison de la passion de Jacques pour le violon&nbsp;! Avec les \u00e9tudes <a class=\"read-more\" href=\"https:\/\/actualite.potos-acoustiques.com\/?page_id=1209\">Continue Reading &#8594;<\/a><\/p>\n","protected":false},"author":1,"featured_media":0,"parent":0,"menu_order":0,"comment_status":"closed","ping_status":"closed","template":"","meta":[],"_links":{"self":[{"href":"https:\/\/actualite.potos-acoustiques.com\/index.php?rest_route=\/wp\/v2\/pages\/1209"}],"collection":[{"href":"https:\/\/actualite.potos-acoustiques.com\/index.php?rest_route=\/wp\/v2\/pages"}],"about":[{"href":"https:\/\/actualite.potos-acoustiques.com\/index.php?rest_route=\/wp\/v2\/types\/page"}],"author":[{"embeddable":true,"href":"https:\/\/actualite.potos-acoustiques.com\/index.php?rest_route=\/wp\/v2\/users\/1"}],"replies":[{"embeddable":true,"href":"https:\/\/actualite.potos-acoustiques.com\/index.php?rest_route=%2Fwp%2Fv2%2Fcomments&post=1209"}],"version-history":[{"count":57,"href":"https:\/\/actualite.potos-acoustiques.com\/index.php?rest_route=\/wp\/v2\/pages\/1209\/revisions"}],"predecessor-version":[{"id":5087,"href":"https:\/\/actualite.potos-acoustiques.com\/index.php?rest_route=\/wp\/v2\/pages\/1209\/revisions\/5087"}],"wp:attachment":[{"href":"https:\/\/actualite.potos-acoustiques.com\/index.php?rest_route=%2Fwp%2Fv2%2Fmedia&parent=1209"}],"curies":[{"name":"wp","href":"https:\/\/api.w.org\/{rel}","templated":true}]}}